{"id":1105,"date":"2023-11-10T17:23:33","date_gmt":"2023-11-10T21:23:33","guid":{"rendered":"https:\/\/carnegiemuseum.wpenginepowered.com\/?page_id=1105"},"modified":"2025-11-18T17:06:46","modified_gmt":"2025-11-18T21:06:46","slug":"friends","status":"publish","type":"page","link":"https:\/\/carnegiemuseum.in.gov\/es\/friends\/","title":{"rendered":"Amigos"},"content":{"rendered":"<div data-elementor-type=\"wp-page\" data-elementor-id=\"1105\" class=\"elementor elementor-1105\" data-elementor-post-type=\"page\">\n\t\t\t\t\t\t<section class=\"elementor-section elementor-top-section elementor-element elementor-element-44d3da50 elementor-section-boxed elementor-section-height-default elementor-section-height-default\" data-id=\"44d3da50\" data-element_type=\"section\" data-e-type=\"section\" data-settings=\"{&quot;background_background&quot;:&quot;classic&quot;}\">\n\t\t\t\t\t\t\t<div class=\"elementor-background-overlay\"><\/div>\n\t\t\t\t\t\t\t<div class=\"elementor-container elementor-column-gap-wider\">\n\t\t\t\t\t<div class=\"elementor-column elementor-col-100 elementor-top-column elementor-element elementor-element-38ce3aec\" data-id=\"38ce3aec\" data-element_type=\"column\" data-e-type=\"column\">\n\t\t\t<div class=\"elementor-widget-wrap elementor-element-populated\">\n\t\t\t\t\t\t<div class=\"elementor-element elementor-element-71a617a0 elementor-widget elementor-widget-heading\" data-id=\"71a617a0\" data-element_type=\"widget\" data-e-type=\"widget\" data-widget_type=\"heading.default\">\n\t\t\t\t<div class=\"elementor-widget-container\">\n\t\t\t\t\t<h1 class=\"elementor-heading-title elementor-size-default\">Amigos del CMMC<\/h1>\t\t\t\t<\/div>\n\t\t\t\t<\/div>\n\t\t\t\t\t<\/div>\n\t\t<\/div>\n\t\t\t\t\t<\/div>\n\t\t<\/section>\n\t\t\t\t<section class=\"elementor-section elementor-top-section elementor-element elementor-element-2a597f2a redfox-bullets elementor-section-boxed elementor-section-height-default elementor-section-height-default\" data-id=\"2a597f2a\" data-element_type=\"section\" data-e-type=\"section\">\n\t\t\t\t\t\t<div class=\"elementor-container elementor-column-gap-wider\">\n\t\t\t\t\t<div class=\"elementor-column elementor-col-100 elementor-top-column elementor-element elementor-element-7a0148bf\" data-id=\"7a0148bf\" data-element_type=\"column\" data-e-type=\"column\">\n\t\t\t<div class=\"elementor-widget-wrap elementor-element-populated\">\n\t\t\t\t\t\t<div class=\"elementor-element elementor-element-0ac4332 elementor-widget elementor-widget-image\" data-id=\"0ac4332\" data-element_type=\"widget\" data-e-type=\"widget\" data-widget_type=\"image.default\">\n\t\t\t\t<div class=\"elementor-widget-container\">\n\t\t\t\t\t\t\t\t\t\t\t\t\t\t\t<img fetchpriority=\"high\" decoding=\"async\" width=\"800\" height=\"233\" src=\"https:\/\/carnegiemuseum.in.gov\/wp-content\/uploads\/2024\/01\/Asset-174-1024x298.png\" class=\"attachment-large size-large wp-image-1292\" alt=\"\" srcset=\"https:\/\/carnegiemuseum.in.gov\/wp-content\/uploads\/2024\/01\/Asset-174-1024x298.png 1024w, https:\/\/carnegiemuseum.in.gov\/wp-content\/uploads\/2024\/01\/Asset-174-300x87.png 300w, https:\/\/carnegiemuseum.in.gov\/wp-content\/uploads\/2024\/01\/Asset-174-768x224.png 768w, https:\/\/carnegiemuseum.in.gov\/wp-content\/uploads\/2024\/01\/Asset-174-18x5.png 18w, https:\/\/carnegiemuseum.in.gov\/wp-content\/uploads\/2024\/01\/Asset-174.png 1400w\" sizes=\"(max-width: 800px) 100vw, 800px\" \/>\t\t\t\t\t\t\t\t\t\t\t\t\t\t\t<\/div>\n\t\t\t\t<\/div>\n\t\t\t\t<div class=\"elementor-element elementor-element-0e9f51e elementor-widget elementor-widget-spacer\" data-id=\"0e9f51e\" data-element_type=\"widget\" data-e-type=\"widget\" data-widget_type=\"spacer.default\">\n\t\t\t\t<div class=\"elementor-widget-container\">\n\t\t\t\t\t\t\t<div class=\"elementor-spacer\">\n\t\t\t<div class=\"elementor-spacer-inner\"><\/div>\n\t\t<\/div>\n\t\t\t\t\t\t<\/div>\n\t\t\t\t<\/div>\n\t\t\t\t<div class=\"elementor-element elementor-element-1f87bb50 elementor-widget elementor-widget-heading\" data-id=\"1f87bb50\" data-element_type=\"widget\" data-e-type=\"widget\" data-widget_type=\"heading.default\">\n\t\t\t\t<div class=\"elementor-widget-container\">\n\t\t\t\t\t<h2 class=\"elementor-heading-title elementor-size-default\">\u00a1Hola de parte de los Amigos del Museo Carnegie!<\/h2>\t\t\t\t<\/div>\n\t\t\t\t<\/div>\n\t\t\t\t<div class=\"elementor-element elementor-element-428e2542 elementor-widget elementor-widget-text-editor\" data-id=\"428e2542\" data-element_type=\"widget\" data-e-type=\"widget\" data-widget_type=\"text-editor.default\">\n\t\t\t\t<div class=\"elementor-widget-container\">\n\t\t\t\t\t\t\t\t\tLos Amigos del Museo Carnegie del condado de Montgomery son un grupo de voluntarios y donantes que encarnan el apoyo de la comunidad al museo. A trav\u00e9s de esfuerzos de recaudaci\u00f3n de fondos y apoyo al programa, los Amigos del Museo ayudan al personal a cumplir la misi\u00f3n del museo. \n\t\t\t\t\t\t\t\t<\/div>\n\t\t\t\t<\/div>\n\t\t\t\t<div class=\"elementor-element elementor-element-2f25f81 elementor-widget elementor-widget-text-editor\" data-id=\"2f25f81\" data-element_type=\"widget\" data-e-type=\"widget\" data-widget_type=\"text-editor.default\">\n\t\t\t\t<div class=\"elementor-widget-container\">\n\t\t\t\t\t\t\t\t\tSu contribuci\u00f3n financiera a los Amigos del Museo se destina directamente a apoyar al museo de varias maneras. \t\t\t\t\t\t\t\t<\/div>\n\t\t\t\t<\/div>\n\t\t\t\t<div class=\"elementor-element elementor-element-fb65cf0 orange-bullets elementor-widget elementor-widget-text-editor\" data-id=\"fb65cf0\" data-element_type=\"widget\" data-e-type=\"widget\" data-widget_type=\"text-editor.default\">\n\t\t\t\t<div class=\"elementor-widget-container\">\n\t\t\t\t\t\t\t\t\t<ul><li>Recolectar y preservar nuestro pasado compartido<\/li><li>Crear exhibiciones interesantes, interactivas e interdisciplinarias.<\/li><li>Destacando las cosas incre\u00edbles que han logrado nuestros ciudadanos<\/li><li>Colaborar con la comunidad para ofrecer exhibiciones, programas, charlas y talleres \u00fanicos, desde exhibiciones de historia hasta programaci\u00f3n STEM y exhibiciones de arte.<\/li><\/ul>\t\t\t\t\t\t\t\t<\/div>\n\t\t\t\t<\/div>\n\t\t\t\t<div class=\"elementor-element elementor-element-3cc50f7 elementor-widget elementor-widget-text-editor\" data-id=\"3cc50f7\" data-element_type=\"widget\" data-e-type=\"widget\" data-widget_type=\"text-editor.default\">\n\t\t\t\t<div class=\"elementor-widget-container\">\n\t\t\t\t\t\t\t\t\t<p>Los miembros de la Asociaci\u00f3n de Amigos del Museo Carnegie tambi\u00e9n reciben beneficios exclusivos, como un descuento en la tienda de regalos del museo y, para los niveles de membres\u00eda rec\u00edproca, acceso a...<span style=\"text-decoration: underline;\"> <a href=\"https:\/\/www.astc.org\/membership\/find-an-astc-member\/passport\/\" target=\"_blank\" rel=\"noopener\">Programa de pasaportes de la Asociaci\u00f3n de Centros de Ciencia y Tecnolog\u00eda (ASTC)<\/a><\/span>,\u00a0<span style=\"text-decoration: underline;\"><a href=\"https:\/\/narmassociation.org\/\" target=\"_blank\" rel=\"noopener\">Asociaci\u00f3n del Museo Rec\u00edproco de Am\u00e9rica del Norte (NARM)<\/a><\/span>, y <span style=\"text-decoration: underline;\"><a href=\"https:\/\/sites.google.com\/site\/roammuseums\/home\" target=\"_blank\" rel=\"noopener\">Organizaci\u00f3n Rec\u00edproca de Museos Asociados (ROAM).<\/a><\/span> Su inversi\u00f3n financiera como miembro, a su vez, apoya al museo.<\/p>\t\t\t\t\t\t\t\t<\/div>\n\t\t\t\t<\/div>\n\t\t\t\t<div class=\"elementor-element elementor-element-ea40082 elementor-widget elementor-widget-button\" data-id=\"ea40082\" data-element_type=\"widget\" data-e-type=\"widget\" data-widget_type=\"button.default\">\n\t\t\t\t<div class=\"elementor-widget-container\">\n\t\t\t\t\t\t\t\t\t<div class=\"elementor-button-wrapper\">\n\t\t\t\t\t<a class=\"elementor-button elementor-button-link elementor-size-md\" href=\"\/es\/become-a-member\/\">\n\t\t\t\t\t\t<span class=\"elementor-button-content-wrapper\">\n\t\t\t\t\t\t\t\t\t<span class=\"elementor-button-text\">Convi\u00e9rtete en miembro<\/span>\n\t\t\t\t\t<\/span>\n\t\t\t\t\t<\/a>\n\t\t\t\t<\/div>\n\t\t\t\t\t\t\t\t<\/div>\n\t\t\t\t<\/div>\n\t\t\t\t\t<\/div>\n\t\t<\/div>\n\t\t\t\t\t<\/div>\n\t\t<\/section>\n\t\t\t\t<section class=\"elementor-section elementor-top-section elementor-element elementor-element-42173d37 elementor-section-boxed elementor-section-height-default elementor-section-height-default\" data-id=\"42173d37\" data-element_type=\"section\" data-e-type=\"section\" data-settings=\"{&quot;background_background&quot;:&quot;classic&quot;}\">\n\t\t\t\t\t\t<div class=\"elementor-container elementor-column-gap-wider\">\n\t\t\t\t\t<div class=\"elementor-column elementor-col-100 elementor-top-column elementor-element elementor-element-52d0f37a\" data-id=\"52d0f37a\" data-element_type=\"column\" data-e-type=\"column\">\n\t\t\t<div class=\"elementor-widget-wrap elementor-element-populated\">\n\t\t\t\t\t\t<div class=\"elementor-element elementor-element-742905dc elementor-widget elementor-widget-heading\" data-id=\"742905dc\" data-element_type=\"widget\" data-e-type=\"widget\" data-widget_type=\"heading.default\">\n\t\t\t\t<div class=\"elementor-widget-container\">\n\t\t\t\t\t<h2 class=\"elementor-heading-title elementor-size-default\">M\u00e1s formas de apoyar\n<\/h2>\t\t\t\t<\/div>\n\t\t\t\t<\/div>\n\t\t\t\t<div class=\"elementor-element elementor-element-180defde elementor-widget elementor-widget-text-editor\" data-id=\"180defde\" data-element_type=\"widget\" data-e-type=\"widget\" data-widget_type=\"text-editor.default\">\n\t\t\t\t<div class=\"elementor-widget-container\">\n\t\t\t\t\t\t\t\t\tHay muchas maneras en que puedes contribuir al museo. \n\t\t\t\t\t\t\t\t<\/div>\n\t\t\t\t<\/div>\n\t\t\t\t<div class=\"elementor-element elementor-element-eb13014 elementor-widget elementor-widget-text-editor\" data-id=\"eb13014\" data-element_type=\"widget\" data-e-type=\"widget\" data-widget_type=\"text-editor.default\">\n\t\t\t\t<div class=\"elementor-widget-container\">\n\t\t\t\t\t\t\t\t\t<ul><li>Haz una donaci\u00f3n financiera<\/li>\n<li>Voluntario<\/li>\n<li>donar un objeto<\/li>\n<\/ul>\t\t\t\t\t\t\t\t<\/div>\n\t\t\t\t<\/div>\n\t\t\t\t<div class=\"elementor-element elementor-element-ac93644 elementor-widget elementor-widget-button\" data-id=\"ac93644\" data-element_type=\"widget\" data-e-type=\"widget\" data-widget_type=\"button.default\">\n\t\t\t\t<div class=\"elementor-widget-container\">\n\t\t\t\t\t\t\t\t\t<div class=\"elementor-button-wrapper\">\n\t\t\t\t\t<a class=\"elementor-button elementor-button-link elementor-size-md\" href=\"\/es\/contribute\/\">\n\t\t\t\t\t\t<span class=\"elementor-button-content-wrapper\">\n\t\t\t\t\t\t\t\t\t<span class=\"elementor-button-text\">APRENDE M\u00c1S<\/span>\n\t\t\t\t\t<\/span>\n\t\t\t\t\t<\/a>\n\t\t\t\t<\/div>\n\t\t\t\t\t\t\t\t<\/div>\n\t\t\t\t<\/div>\n\t\t\t\t\t<\/div>\n\t\t<\/div>\n\t\t\t\t\t<\/div>\n\t\t<\/section>\n\t\t\t\t<section class=\"elementor-section elementor-top-section elementor-element elementor-element-26eab16f elementor-section-boxed elementor-section-height-default elementor-section-height-default\" data-id=\"26eab16f\" data-element_type=\"section\" data-e-type=\"section\" data-settings=\"{&quot;background_background&quot;:&quot;classic&quot;}\">\n\t\t\t\t\t\t<div class=\"elementor-container elementor-column-gap-wider\">\n\t\t\t\t\t<div class=\"elementor-column elementor-col-100 elementor-top-column elementor-element elementor-element-16c7ff0f\" data-id=\"16c7ff0f\" data-element_type=\"column\" data-e-type=\"column\">\n\t\t\t<div class=\"elementor-widget-wrap elementor-element-populated\">\n\t\t\t\t\t\t<div class=\"elementor-element elementor-element-20893684 elementor-widget elementor-widget-heading\" data-id=\"20893684\" data-element_type=\"widget\" data-e-type=\"widget\" data-widget_type=\"heading.default\">\n\t\t\t\t<div class=\"elementor-widget-container\">\n\t\t\t\t\t<h2 class=\"elementor-heading-title elementor-size-default\">\u00bfQui\u00e9nes son los Amigos del Museo Carnegie?\n<\/h2>\t\t\t\t<\/div>\n\t\t\t\t<\/div>\n\t\t\t\t<div class=\"elementor-element elementor-element-2f58287 elementor-widget elementor-widget-text-editor\" data-id=\"2f58287\" data-element_type=\"widget\" data-e-type=\"widget\" data-widget_type=\"text-editor.default\">\n\t\t\t\t<div class=\"elementor-widget-container\">\n\t\t\t\t\t\t\t\t\tLos Amigos del Museo Carnegie es una organizaci\u00f3n 501c3. Su misi\u00f3n es apoyar y promover el Museo Carnegie del condado de Montgomery.\n\t\t\t\t\t\t\t\t<\/div>\n\t\t\t\t<\/div>\n\t\t\t\t<div class=\"elementor-element elementor-element-8d82f52 elementor-widget elementor-widget-spacer\" data-id=\"8d82f52\" data-element_type=\"widget\" data-e-type=\"widget\" data-widget_type=\"spacer.default\">\n\t\t\t\t<div class=\"elementor-widget-container\">\n\t\t\t\t\t\t\t<div class=\"elementor-spacer\">\n\t\t\t<div class=\"elementor-spacer-inner\"><\/div>\n\t\t<\/div>\n\t\t\t\t\t\t<\/div>\n\t\t\t\t<\/div>\n\t\t\t\t<div class=\"elementor-element elementor-element-6947a37d elementor-widget elementor-widget-text-editor\" data-id=\"6947a37d\" data-element_type=\"widget\" data-e-type=\"widget\" data-widget_type=\"text-editor.default\">\n\t\t\t\t<div class=\"elementor-widget-container\">\n\t\t\t\t\t\t\t\t\t<p>\u00a1Gracias a nuestros miembros de la junta!<\/p>\t\t\t\t\t\t\t\t<\/div>\n\t\t\t\t<\/div>\n\t\t\t\t<div class=\"elementor-element elementor-element-37d30b9 elementor-widget elementor-widget-heading\" data-id=\"37d30b9\" data-element_type=\"widget\" data-e-type=\"widget\" data-widget_type=\"heading.default\">\n\t\t\t\t<div class=\"elementor-widget-container\">\n\t\t\t\t\t<h3 class=\"elementor-heading-title elementor-size-default\">Miembros actuales de la junta<\/h3>\t\t\t\t<\/div>\n\t\t\t\t<\/div>\n\t\t\t\t<section class=\"elementor-section elementor-inner-section elementor-element elementor-element-740b369 elementor-section-boxed elementor-section-height-default elementor-section-height-default\" data-id=\"740b369\" data-element_type=\"section\" data-e-type=\"section\">\n\t\t\t\t\t\t<div class=\"elementor-container elementor-column-gap-default\">\n\t\t\t\t\t<div class=\"elementor-column elementor-col-33 elementor-inner-column elementor-element elementor-element-87d29c3\" data-id=\"87d29c3\" data-element_type=\"column\" data-e-type=\"column\">\n\t\t\t<div class=\"elementor-widget-wrap elementor-element-populated\">\n\t\t\t\t\t\t<div class=\"elementor-element elementor-element-b9562c4 elementor-widget elementor-widget-text-editor\" data-id=\"b9562c4\" data-element_type=\"widget\" data-e-type=\"widget\" data-widget_type=\"text-editor.default\">\n\t\t\t\t<div class=\"elementor-widget-container\">\n\t\t\t\t\t\t\t\t\t<ul><li>Correna Vellner, <em>Presidente<\/em><\/li><li>Pat Miles, <em>vicepresidente<\/em><\/li><li>Shannon Hudson, <em>Secretario<\/em><\/li><li>Jessica Bokhart, <em>Tesorero<\/em><\/li><\/ul>\t\t\t\t\t\t\t\t<\/div>\n\t\t\t\t<\/div>\n\t\t\t\t\t<\/div>\n\t\t<\/div>\n\t\t\t\t<div class=\"elementor-column elementor-col-33 elementor-inner-column elementor-element elementor-element-b787d58\" data-id=\"b787d58\" data-element_type=\"column\" data-e-type=\"column\">\n\t\t\t<div class=\"elementor-widget-wrap elementor-element-populated\">\n\t\t\t\t\t\t<div class=\"elementor-element elementor-element-2f016a9d elementor-widget elementor-widget-text-editor\" data-id=\"2f016a9d\" data-element_type=\"widget\" data-e-type=\"widget\" data-widget_type=\"text-editor.default\">\n\t\t\t\t<div class=\"elementor-widget-container\">\n\t\t\t\t\t\t\t\t\t<ul><li>Katie Ansaldi<\/li><li>Vicke Hudson-Swisher<\/li><li><p style=\"font-weight: 400;\">Evan Miller<\/p><\/li><\/ul>\t\t\t\t\t\t\t\t<\/div>\n\t\t\t\t<\/div>\n\t\t\t\t\t<\/div>\n\t\t<\/div>\n\t\t\t\t<div class=\"elementor-column elementor-col-33 elementor-inner-column elementor-element elementor-element-febae5f\" data-id=\"febae5f\" data-element_type=\"column\" data-e-type=\"column\">\n\t\t\t<div class=\"elementor-widget-wrap elementor-element-populated\">\n\t\t\t\t\t\t<div class=\"elementor-element elementor-element-a1667c0 elementor-widget elementor-widget-text-editor\" data-id=\"a1667c0\" data-element_type=\"widget\" data-e-type=\"widget\" data-widget_type=\"text-editor.default\">\n\t\t\t\t<div class=\"elementor-widget-container\">\n\t\t\t\t\t\t\t\t\t<ul><li>marilyn smith<\/li><li>Laurie Vellner<\/li><li>Teresa Tyner (de oficio)<\/li><\/ul>\t\t\t\t\t\t\t\t<\/div>\n\t\t\t\t<\/div>\n\t\t\t\t\t<\/div>\n\t\t<\/div>\n\t\t\t\t\t<\/div>\n\t\t<\/section>\n\t\t\t\t\t<\/div>\n\t\t<\/div>\n\t\t\t\t\t<\/div>\n\t\t<\/section>\n\t\t\t\t<\/div>","protected":false},"excerpt":{"rendered":"<p>Friends of CMMC Hello from the Friends of the Carnegie Museum! The Friends of the Carnegie Museum of Montgomery County is a group of volunteers and donors who embody the community\u2019s support for the museum. Through fundraising efforts and program support, the Friends of the Museum help staff accomplish the museum\u2019s mission. Your financial contribution [&hellip;]<\/p>\n","protected":false},"author":2,"featured_media":0,"parent":0,"menu_order":0,"comment_status":"closed","ping_status":"closed","template":"","meta":{"_acf_changed":false,"footnotes":""},"class_list":["post-1105","page","type-page","status-publish","hentry"],"acf":[],"yoast_head":"<!-- This site is optimized with the Yoast SEO plugin v27.5 - https:\/\/yoast.com\/product\/yoast-seo-wordpress\/ -->\n<title>Friends - Carnegie Museum of Montgomery County<\/title>\n<meta name=\"robots\" content=\"index, follow, max-snippet:-1, max-image-preview:large, max-video-preview:-1\" \/>\n<link rel=\"canonical\" href=\"https:\/\/carnegiemuseum.in.gov\/es\/friends\/\" \/>\n<meta property=\"og:locale\" content=\"es_MX\" \/>\n<meta property=\"og:type\" content=\"article\" \/>\n<meta property=\"og:title\" content=\"Friends - Carnegie Museum of Montgomery County\" \/>\n<meta property=\"og:description\" content=\"Friends of CMMC Hello from the Friends of the Carnegie Museum! The Friends of the Carnegie Museum of Montgomery County is a group of volunteers and donors who embody the community\u2019s support for the museum. Through fundraising efforts and program support, the Friends of the Museum help staff accomplish the museum\u2019s mission. Your financial contribution [&hellip;]\" \/>\n<meta property=\"og:url\" content=\"https:\/\/carnegiemuseum.in.gov\/es\/friends\/\" \/>\n<meta property=\"og:site_name\" content=\"Carnegie Museum of Montgomery County\" \/>\n<meta property=\"article:modified_time\" content=\"2025-11-18T21:06:46+00:00\" \/>\n<meta property=\"og:image\" content=\"https:\/\/carnegiemuseum.in.gov\/wp-content\/uploads\/2024\/01\/Asset-174.png\" \/>\n\t<meta property=\"og:image:width\" content=\"1400\" \/>\n\t<meta property=\"og:image:height\" content=\"408\" \/>\n\t<meta property=\"og:image:type\" content=\"image\/png\" \/>\n<meta name=\"twitter:card\" content=\"summary_large_image\" \/>\n<meta name=\"twitter:label1\" content=\"Tiempo de lectura\" \/>\n\t<meta name=\"twitter:data1\" content=\"2 minutos\" \/>\n<script type=\"application\/ld+json\" class=\"yoast-schema-graph\">{\"@context\":\"https:\\\/\\\/schema.org\",\"@graph\":[{\"@type\":\"WebPage\",\"@id\":\"https:\\\/\\\/carnegiemuseum.in.gov\\\/friends\\\/\",\"url\":\"https:\\\/\\\/carnegiemuseum.in.gov\\\/friends\\\/\",\"name\":\"Friends - Carnegie Museum of Montgomery County\",\"isPartOf\":{\"@id\":\"https:\\\/\\\/carnegiemuseum.in.gov\\\/#website\"},\"primaryImageOfPage\":{\"@id\":\"https:\\\/\\\/carnegiemuseum.in.gov\\\/friends\\\/#primaryimage\"},\"image\":{\"@id\":\"https:\\\/\\\/carnegiemuseum.in.gov\\\/friends\\\/#primaryimage\"},\"thumbnailUrl\":\"https:\\\/\\\/carnegiemuseum.in.gov\\\/wp-content\\\/uploads\\\/2024\\\/01\\\/Asset-174-1024x298.png\",\"datePublished\":\"2023-11-10T21:23:33+00:00\",\"dateModified\":\"2025-11-18T21:06:46+00:00\",\"breadcrumb\":{\"@id\":\"https:\\\/\\\/carnegiemuseum.in.gov\\\/friends\\\/#breadcrumb\"},\"inLanguage\":\"es-MX\",\"potentialAction\":[{\"@type\":\"ReadAction\",\"target\":[\"https:\\\/\\\/carnegiemuseum.in.gov\\\/friends\\\/\"]}]},{\"@type\":\"ImageObject\",\"inLanguage\":\"es-MX\",\"@id\":\"https:\\\/\\\/carnegiemuseum.in.gov\\\/friends\\\/#primaryimage\",\"url\":\"https:\\\/\\\/carnegiemuseum.in.gov\\\/wp-content\\\/uploads\\\/2024\\\/01\\\/Asset-174-1024x298.png\",\"contentUrl\":\"https:\\\/\\\/carnegiemuseum.in.gov\\\/wp-content\\\/uploads\\\/2024\\\/01\\\/Asset-174-1024x298.png\"},{\"@type\":\"BreadcrumbList\",\"@id\":\"https:\\\/\\\/carnegiemuseum.in.gov\\\/friends\\\/#breadcrumb\",\"itemListElement\":[{\"@type\":\"ListItem\",\"position\":1,\"name\":\"Home\",\"item\":\"https:\\\/\\\/carnegiemuseum.in.gov\\\/\"},{\"@type\":\"ListItem\",\"position\":2,\"name\":\"Friends\"}]},{\"@type\":\"WebSite\",\"@id\":\"https:\\\/\\\/carnegiemuseum.in.gov\\\/#website\",\"url\":\"https:\\\/\\\/carnegiemuseum.in.gov\\\/\",\"name\":\"Carnegie Museum of Montgomery County\",\"description\":\"Learn, play, explore at the Carnegie Museum!\",\"publisher\":{\"@id\":\"https:\\\/\\\/carnegiemuseum.in.gov\\\/#organization\"},\"potentialAction\":[{\"@type\":\"SearchAction\",\"target\":{\"@type\":\"EntryPoint\",\"urlTemplate\":\"https:\\\/\\\/carnegiemuseum.in.gov\\\/?s={search_term_string}\"},\"query-input\":{\"@type\":\"PropertyValueSpecification\",\"valueRequired\":true,\"valueName\":\"search_term_string\"}}],\"inLanguage\":\"es-MX\"},{\"@type\":\"Organization\",\"@id\":\"https:\\\/\\\/carnegiemuseum.in.gov\\\/#organization\",\"name\":\"Carnegie Museum of Montgomery County\",\"url\":\"https:\\\/\\\/carnegiemuseum.in.gov\\\/\",\"logo\":{\"@type\":\"ImageObject\",\"inLanguage\":\"es-MX\",\"@id\":\"https:\\\/\\\/carnegiemuseum.in.gov\\\/#\\\/schema\\\/logo\\\/image\\\/\",\"url\":\"https:\\\/\\\/carnegiemuseum.in.gov\\\/wp-content\\\/uploads\\\/2023\\\/10\\\/CMMC_logo_web.png\",\"contentUrl\":\"https:\\\/\\\/carnegiemuseum.in.gov\\\/wp-content\\\/uploads\\\/2023\\\/10\\\/CMMC_logo_web.png\",\"width\":1400,\"height\":287,\"caption\":\"Carnegie Museum of Montgomery County\"},\"image\":{\"@id\":\"https:\\\/\\\/carnegiemuseum.in.gov\\\/#\\\/schema\\\/logo\\\/image\\\/\"}}]}<\/script>\n<!-- \/ Yoast SEO plugin. -->","yoast_head_json":{"title":"Amigos - Museo Carnegie del Condado de Montgomery","robots":{"index":"index","follow":"follow","max-snippet":"max-snippet:-1","max-image-preview":"max-image-preview:large","max-video-preview":"max-video-preview:-1"},"canonical":"https:\/\/carnegiemuseum.in.gov\/es\/friends\/","og_locale":"es_MX","og_type":"article","og_title":"Friends - Carnegie Museum of Montgomery County","og_description":"Friends of CMMC Hello from the Friends of the Carnegie Museum! The Friends of the Carnegie Museum of Montgomery County is a group of volunteers and donors who embody the community\u2019s support for the museum. Through fundraising efforts and program support, the Friends of the Museum help staff accomplish the museum\u2019s mission. Your financial contribution [&hellip;]","og_url":"https:\/\/carnegiemuseum.in.gov\/es\/friends\/","og_site_name":"Carnegie Museum of Montgomery County","article_modified_time":"2025-11-18T21:06:46+00:00","og_image":[{"width":1400,"height":408,"url":"https:\/\/carnegiemuseum.in.gov\/wp-content\/uploads\/2024\/01\/Asset-174.png","type":"image\/png"}],"twitter_card":"summary_large_image","twitter_misc":{"Tiempo de lectura":"2 minutos"},"schema":{"@context":"https:\/\/schema.org","@graph":[{"@type":"WebPage","@id":"https:\/\/carnegiemuseum.in.gov\/friends\/","url":"https:\/\/carnegiemuseum.in.gov\/friends\/","name":"Amigos - Museo Carnegie del Condado de Montgomery","isPartOf":{"@id":"https:\/\/carnegiemuseum.in.gov\/#website"},"primaryImageOfPage":{"@id":"https:\/\/carnegiemuseum.in.gov\/friends\/#primaryimage"},"image":{"@id":"https:\/\/carnegiemuseum.in.gov\/friends\/#primaryimage"},"thumbnailUrl":"https:\/\/carnegiemuseum.in.gov\/wp-content\/uploads\/2024\/01\/Asset-174-1024x298.png","datePublished":"2023-11-10T21:23:33+00:00","dateModified":"2025-11-18T21:06:46+00:00","breadcrumb":{"@id":"https:\/\/carnegiemuseum.in.gov\/friends\/#breadcrumb"},"inLanguage":"es-MX","potentialAction":[{"@type":"ReadAction","target":["https:\/\/carnegiemuseum.in.gov\/friends\/"]}]},{"@type":"ImageObject","inLanguage":"es-MX","@id":"https:\/\/carnegiemuseum.in.gov\/friends\/#primaryimage","url":"https:\/\/carnegiemuseum.in.gov\/wp-content\/uploads\/2024\/01\/Asset-174-1024x298.png","contentUrl":"https:\/\/carnegiemuseum.in.gov\/wp-content\/uploads\/2024\/01\/Asset-174-1024x298.png"},{"@type":"BreadcrumbList","@id":"https:\/\/carnegiemuseum.in.gov\/friends\/#breadcrumb","itemListElement":[{"@type":"ListItem","position":1,"name":"Home","item":"https:\/\/carnegiemuseum.in.gov\/"},{"@type":"ListItem","position":2,"name":"Friends"}]},{"@type":"WebSite","@id":"https:\/\/carnegiemuseum.in.gov\/#website","url":"https:\/\/carnegiemuseum.in.gov\/","name":"Museo Carnegie del condado de Montgomery","description":"\u00a1Aprende, juega y explora en el Museo Carnegie!","publisher":{"@id":"https:\/\/carnegiemuseum.in.gov\/#organization"},"potentialAction":[{"@type":"SearchAction","target":{"@type":"EntryPoint","urlTemplate":"https:\/\/carnegiemuseum.in.gov\/?s={search_term_string}"},"query-input":{"@type":"PropertyValueSpecification","valueRequired":true,"valueName":"search_term_string"}}],"inLanguage":"es-MX"},{"@type":"Organization","@id":"https:\/\/carnegiemuseum.in.gov\/#organization","name":"Museo Carnegie del condado de Montgomery","url":"https:\/\/carnegiemuseum.in.gov\/","logo":{"@type":"ImageObject","inLanguage":"es-MX","@id":"https:\/\/carnegiemuseum.in.gov\/#\/schema\/logo\/image\/","url":"https:\/\/carnegiemuseum.in.gov\/wp-content\/uploads\/2023\/10\/CMMC_logo_web.png","contentUrl":"https:\/\/carnegiemuseum.in.gov\/wp-content\/uploads\/2023\/10\/CMMC_logo_web.png","width":1400,"height":287,"caption":"Carnegie Museum of Montgomery County"},"image":{"@id":"https:\/\/carnegiemuseum.in.gov\/#\/schema\/logo\/image\/"}}]}},"_links":{"self":[{"href":"https:\/\/carnegiemuseum.in.gov\/es\/wp-json\/wp\/v2\/pages\/1105","targetHints":{"allow":["GET"]}}],"collection":[{"href":"https:\/\/carnegiemuseum.in.gov\/es\/wp-json\/wp\/v2\/pages"}],"about":[{"href":"https:\/\/carnegiemuseum.in.gov\/es\/wp-json\/wp\/v2\/types\/page"}],"author":[{"embeddable":true,"href":"https:\/\/carnegiemuseum.in.gov\/es\/wp-json\/wp\/v2\/users\/2"}],"replies":[{"embeddable":true,"href":"https:\/\/carnegiemuseum.in.gov\/es\/wp-json\/wp\/v2\/comments?post=1105"}],"version-history":[{"count":0,"href":"https:\/\/carnegiemuseum.in.gov\/es\/wp-json\/wp\/v2\/pages\/1105\/revisions"}],"wp:attachment":[{"href":"https:\/\/carnegiemuseum.in.gov\/es\/wp-json\/wp\/v2\/media?parent=1105"}],"curies":[{"name":"gracias","href":"https:\/\/api.w.org\/{rel}","templated":true}]}}