{"id":167,"date":"2023-10-05T13:31:54","date_gmt":"2023-10-05T17:31:54","guid":{"rendered":"https:\/\/carnegiemuseum.wpenginepowered.com\/?page_id=167"},"modified":"2024-12-10T17:20:12","modified_gmt":"2024-12-10T21:20:12","slug":"museum-history","status":"publish","type":"page","link":"https:\/\/carnegiemuseum.in.gov\/es\/museum-history\/","title":{"rendered":"Historia del museo"},"content":{"rendered":"<div data-elementor-type=\"wp-page\" data-elementor-id=\"167\" class=\"elementor elementor-167\" data-elementor-post-type=\"page\">\n\t\t\t\t\t\t<section class=\"elementor-section elementor-top-section elementor-element elementor-element-5cc3859e elementor-section-boxed elementor-section-height-default elementor-section-height-default\" data-id=\"5cc3859e\" data-element_type=\"section\" data-e-type=\"section\" data-settings=\"{&quot;background_background&quot;:&quot;classic&quot;}\">\n\t\t\t\t\t\t\t<div class=\"elementor-background-overlay\"><\/div>\n\t\t\t\t\t\t\t<div class=\"elementor-container elementor-column-gap-wider\">\n\t\t\t\t\t<div class=\"elementor-column elementor-col-100 elementor-top-column elementor-element elementor-element-35008524\" data-id=\"35008524\" data-element_type=\"column\" data-e-type=\"column\">\n\t\t\t<div class=\"elementor-widget-wrap elementor-element-populated\">\n\t\t\t\t\t\t<div class=\"elementor-element elementor-element-7eeb0244 elementor-widget elementor-widget-heading\" data-id=\"7eeb0244\" data-element_type=\"widget\" data-e-type=\"widget\" data-widget_type=\"heading.default\">\n\t\t\t\t<div class=\"elementor-widget-container\">\n\t\t\t\t\t<h1 class=\"elementor-heading-title elementor-size-default\">Nuestra Historia<\/h1>\t\t\t\t<\/div>\n\t\t\t\t<\/div>\n\t\t\t\t\t<\/div>\n\t\t<\/div>\n\t\t\t\t\t<\/div>\n\t\t<\/section>\n\t\t\t\t<section class=\"elementor-section elementor-top-section elementor-element elementor-element-226dba82 elementor-section-boxed elementor-section-height-default elementor-section-height-default\" data-id=\"226dba82\" data-element_type=\"section\" data-e-type=\"section\">\n\t\t\t\t\t\t<div class=\"elementor-container elementor-column-gap-wider\">\n\t\t\t\t\t<div class=\"elementor-column elementor-col-50 elementor-top-column elementor-element elementor-element-988442b\" data-id=\"988442b\" data-element_type=\"column\" data-e-type=\"column\">\n\t\t\t<div class=\"elementor-widget-wrap elementor-element-populated\">\n\t\t\t\t\t\t<div class=\"elementor-element elementor-element-fe34cb1 elementor-widget elementor-widget-image\" data-id=\"fe34cb1\" data-element_type=\"widget\" data-e-type=\"widget\" data-widget_type=\"image.default\">\n\t\t\t\t<div class=\"elementor-widget-container\">\n\t\t\t\t\t\t\t\t\t\t\t\t\t\t\t<img fetchpriority=\"high\" decoding=\"async\" width=\"1800\" height=\"1200\" src=\"https:\/\/carnegiemuseum.in.gov\/wp-content\/uploads\/2023\/10\/cmmc_history_1.jpg\" class=\"attachment-full size-full wp-image-663\" alt=\"\" srcset=\"https:\/\/carnegiemuseum.in.gov\/wp-content\/uploads\/2023\/10\/cmmc_history_1.jpg 1800w, https:\/\/carnegiemuseum.in.gov\/wp-content\/uploads\/2023\/10\/cmmc_history_1-300x200.jpg 300w, https:\/\/carnegiemuseum.in.gov\/wp-content\/uploads\/2023\/10\/cmmc_history_1-1024x683.jpg 1024w, https:\/\/carnegiemuseum.in.gov\/wp-content\/uploads\/2023\/10\/cmmc_history_1-768x512.jpg 768w, https:\/\/carnegiemuseum.in.gov\/wp-content\/uploads\/2023\/10\/cmmc_history_1-1536x1024.jpg 1536w, https:\/\/carnegiemuseum.in.gov\/wp-content\/uploads\/2023\/10\/cmmc_history_1-18x12.jpg 18w\" sizes=\"(max-width: 1800px) 100vw, 1800px\" \/>\t\t\t\t\t\t\t\t\t\t\t\t\t\t\t<\/div>\n\t\t\t\t<\/div>\n\t\t\t\t\t<\/div>\n\t\t<\/div>\n\t\t\t\t<div class=\"elementor-column elementor-col-50 elementor-top-column elementor-element elementor-element-4652212b\" data-id=\"4652212b\" data-element_type=\"column\" data-e-type=\"column\">\n\t\t\t<div class=\"elementor-widget-wrap elementor-element-populated\">\n\t\t\t\t\t\t<div class=\"elementor-element elementor-element-5cd543aa elementor-widget elementor-widget-text-editor\" data-id=\"5cd543aa\" data-element_type=\"widget\" data-e-type=\"widget\" data-widget_type=\"text-editor.default\">\n\t\t\t\t<div class=\"elementor-widget-container\">\n\t\t\t\t\t\t\t\t\tEl Museo Carnegie del condado de Montgomery est\u00e1 ubicado en el edificio de la Biblioteca Carnegie de 1902 en el centro de Crawfordsville, Indiana. El museo es un museo interdisciplinario de historia, arte y ciencia. El Museo Carnegie se esfuerza por ser una instituci\u00f3n centrada en la comunidad que sirva como un espacio de encuentro para el di\u00e1logo, la creatividad y la celebraci\u00f3n de la comunidad a trav\u00e9s de exhibiciones relevantes, programaci\u00f3n interactiva, participaci\u00f3n comunitaria din\u00e1mica y preservaci\u00f3n e interpretaci\u00f3n de colecciones.\t\t\t\t\t\t\t\t<\/div>\n\t\t\t\t<\/div>\n\t\t\t\t<div class=\"elementor-element elementor-element-141b8a1 elementor-widget elementor-widget-text-editor\" data-id=\"141b8a1\" data-element_type=\"widget\" data-e-type=\"widget\" data-widget_type=\"text-editor.default\">\n\t\t\t\t<div class=\"elementor-widget-container\">\n\t\t\t\t\t\t\t\t\tEl museo interpreta la historia del condado de Montgomery, Indiana. Explorar y comprender la historia de la comunidad nos permite encontrarnos en un mundo diverso. Estas historias de las personas, los lugares y las organizaciones del condado nos ayudan a comprender nuestra historia a trav\u00e9s de las historias de las familias, las comunidades y el pa\u00eds.\t\t\t\t\t\t\t\t<\/div>\n\t\t\t\t<\/div>\n\t\t\t\t<div class=\"elementor-element elementor-element-2f8da52 elementor-widget elementor-widget-text-editor\" data-id=\"2f8da52\" data-element_type=\"widget\" data-e-type=\"widget\" data-widget_type=\"text-editor.default\">\n\t\t\t\t<div class=\"elementor-widget-container\">\n\t\t\t\t\t\t\t\t\tEl Museo Carnegie del Condado de Montgomery es un departamento de la <a href=\"https:\/\/www.cdpl.lib.in.us\/\" target=\"_blank\" rel=\"noopener\">Biblioteca p\u00fablica del distrito de Crawfordsville<\/a>.\t\t\t\t\t\t\t\t<\/div>\n\t\t\t\t<\/div>\n\t\t\t\t\t<\/div>\n\t\t<\/div>\n\t\t\t\t\t<\/div>\n\t\t<\/section>\n\t\t\t\t<section class=\"elementor-section elementor-top-section elementor-element elementor-element-3780d44d elementor-reverse-tablet elementor-reverse-mobile elementor-section-boxed elementor-section-height-default elementor-section-height-default\" data-id=\"3780d44d\" data-element_type=\"section\" data-e-type=\"section\" data-settings=\"{&quot;background_background&quot;:&quot;classic&quot;}\">\n\t\t\t\t\t\t<div class=\"elementor-container elementor-column-gap-wider\">\n\t\t\t\t\t<div class=\"elementor-column elementor-col-50 elementor-top-column elementor-element elementor-element-4d505b24\" data-id=\"4d505b24\" data-element_type=\"column\" data-e-type=\"column\">\n\t\t\t<div class=\"elementor-widget-wrap elementor-element-populated\">\n\t\t\t\t\t\t<div class=\"elementor-element elementor-element-3cda3496 elementor-widget elementor-widget-heading\" data-id=\"3cda3496\" data-element_type=\"widget\" data-e-type=\"widget\" data-widget_type=\"heading.default\">\n\t\t\t\t<div class=\"elementor-widget-container\">\n\t\t\t\t\t<h2 class=\"elementor-heading-title elementor-size-default\">El edificio\n<\/h2>\t\t\t\t<\/div>\n\t\t\t\t<\/div>\n\t\t\t\t<div class=\"elementor-element elementor-element-408c1696 elementor-widget elementor-widget-text-editor\" data-id=\"408c1696\" data-element_type=\"widget\" data-e-type=\"widget\" data-widget_type=\"text-editor.default\">\n\t\t\t\t<div class=\"elementor-widget-container\">\n\t\t\t\t\t\t\t\t\tEn 1897, el Current Events Club, como muchos clubes de mujeres durante esta \u00e9poca, ayud\u00f3 a organizar la biblioteca p\u00fablica de la ciudad. Andrew Carnegie don\u00f3 $25,000 en 1901 para la construcci\u00f3n del edificio de la biblioteca; la ciudad proporcion\u00f3 el terreno y la financiaci\u00f3n anual. El arquitecto local WF Sharpe dise\u00f1\u00f3 este edificio de estilo neorenacentista.\t\t\t\t\t\t\t\t<\/div>\n\t\t\t\t<\/div>\n\t\t\t\t<div class=\"elementor-element elementor-element-0d5c7d8 elementor-widget elementor-widget-text-editor\" data-id=\"0d5c7d8\" data-element_type=\"widget\" data-e-type=\"widget\" data-widget_type=\"text-editor.default\">\n\t\t\t\t<div class=\"elementor-widget-container\">\n\t\t\t\t\t\t\t\t\t<p>Esta fue la primera biblioteca Carnegie que se inaugur\u00f3 en Indiana, inaugurada el 29 de julio de 1902 con 4.500 vol\u00famenes. Fue una de las 1.679 bibliotecas construidas en los EE. UU. con fondos del fil\u00e1ntropo Andrew Carnegie. Indiana construy\u00f3 m\u00e1s bibliotecas Carnegie que cualquier otro estado. La biblioteca se traslad\u00f3 a su ubicaci\u00f3n actual al otro lado de la calle en 2005 y, despu\u00e9s de 18 meses de renovaci\u00f3n, el Museo Carnegie del condado de Montgomery abri\u00f3 sus puertas en junio de 2007.<\/p>\t\t\t\t\t\t\t\t<\/div>\n\t\t\t\t<\/div>\n\t\t\t\t\t<\/div>\n\t\t<\/div>\n\t\t\t\t<div class=\"elementor-column elementor-col-50 elementor-top-column elementor-element elementor-element-e21bf71\" data-id=\"e21bf71\" data-element_type=\"column\" data-e-type=\"column\" data-settings=\"{&quot;background_background&quot;:&quot;classic&quot;}\">\n\t\t\t<div class=\"elementor-widget-wrap elementor-element-populated\">\n\t\t\t\t\t\t<div class=\"elementor-element elementor-element-dd388da elementor-widget elementor-widget-image\" data-id=\"dd388da\" data-element_type=\"widget\" data-e-type=\"widget\" data-widget_type=\"image.default\">\n\t\t\t\t<div class=\"elementor-widget-container\">\n\t\t\t\t\t\t\t\t\t\t\t\t\t\t\t<img decoding=\"async\" width=\"1800\" height=\"1200\" src=\"https:\/\/carnegiemuseum.in.gov\/wp-content\/uploads\/2023\/10\/cmmc_history_2.jpg\" class=\"attachment-full size-full wp-image-664\" alt=\"\" srcset=\"https:\/\/carnegiemuseum.in.gov\/wp-content\/uploads\/2023\/10\/cmmc_history_2.jpg 1800w, https:\/\/carnegiemuseum.in.gov\/wp-content\/uploads\/2023\/10\/cmmc_history_2-300x200.jpg 300w, https:\/\/carnegiemuseum.in.gov\/wp-content\/uploads\/2023\/10\/cmmc_history_2-1024x683.jpg 1024w, https:\/\/carnegiemuseum.in.gov\/wp-content\/uploads\/2023\/10\/cmmc_history_2-768x512.jpg 768w, https:\/\/carnegiemuseum.in.gov\/wp-content\/uploads\/2023\/10\/cmmc_history_2-1536x1024.jpg 1536w, https:\/\/carnegiemuseum.in.gov\/wp-content\/uploads\/2023\/10\/cmmc_history_2-18x12.jpg 18w\" sizes=\"(max-width: 1800px) 100vw, 1800px\" \/>\t\t\t\t\t\t\t\t\t\t\t\t\t\t\t<\/div>\n\t\t\t\t<\/div>\n\t\t\t\t\t<\/div>\n\t\t<\/div>\n\t\t\t\t\t<\/div>\n\t\t<\/section>\n\t\t\t\t<\/div>","protected":false},"excerpt":{"rendered":"<p>Our History The Carnegie Museum of Montgomery County is located in the 1902 Carnegie Library building in downtown Crawfordsville, Indiana. The museum is an interdisciplinary museum of history, art, and science. The Carnegie Museum strives to be a community-centered institution that serves as a gathering space for community dialogue, creativity, and celebration through relevant exhibits, [&hellip;]<\/p>\n","protected":false},"author":2,"featured_media":0,"parent":0,"menu_order":0,"comment_status":"closed","ping_status":"closed","template":"","meta":{"_acf_changed":false,"footnotes":""},"class_list":["post-167","page","type-page","status-publish","hentry"],"acf":[],"yoast_head":"<!-- This site is optimized with the Yoast SEO plugin v27.3 - https:\/\/yoast.com\/product\/yoast-seo-wordpress\/ -->\n<title>Museum History - Carnegie Museum of Montgomery County<\/title>\n<meta name=\"robots\" content=\"index, follow, max-snippet:-1, max-image-preview:large, max-video-preview:-1\" \/>\n<link rel=\"canonical\" href=\"https:\/\/carnegiemuseum.in.gov\/es\/museum-history\/\" \/>\n<meta property=\"og:locale\" content=\"es_MX\" \/>\n<meta property=\"og:type\" content=\"article\" \/>\n<meta property=\"og:title\" content=\"Museum History - Carnegie Museum of Montgomery County\" \/>\n<meta property=\"og:description\" content=\"Our History The Carnegie Museum of Montgomery County is located in the 1902 Carnegie Library building in downtown Crawfordsville, Indiana. The museum is an interdisciplinary museum of history, art, and science. The Carnegie Museum strives to be a community-centered institution that serves as a gathering space for community dialogue, creativity, and celebration through relevant exhibits, [&hellip;]\" \/>\n<meta property=\"og:url\" content=\"https:\/\/carnegiemuseum.in.gov\/es\/museum-history\/\" \/>\n<meta property=\"og:site_name\" content=\"Carnegie Museum of Montgomery County\" \/>\n<meta property=\"article:modified_time\" content=\"2024-12-10T21:20:12+00:00\" \/>\n<meta property=\"og:image\" content=\"https:\/\/carnegiemuseum.in.gov\/wp-content\/uploads\/2023\/10\/cmmc_history_1.jpg\" \/>\n\t<meta property=\"og:image:width\" content=\"1800\" \/>\n\t<meta property=\"og:image:height\" content=\"1200\" \/>\n\t<meta property=\"og:image:type\" content=\"image\/jpeg\" \/>\n<meta name=\"twitter:card\" content=\"summary_large_image\" \/>\n<meta name=\"twitter:label1\" content=\"Tiempo de lectura\" \/>\n\t<meta name=\"twitter:data1\" content=\"2 minutos\" \/>\n<script type=\"application\/ld+json\" class=\"yoast-schema-graph\">{\"@context\":\"https:\\\/\\\/schema.org\",\"@graph\":[{\"@type\":\"WebPage\",\"@id\":\"https:\\\/\\\/carnegiemuseum.in.gov\\\/museum-history\\\/\",\"url\":\"https:\\\/\\\/carnegiemuseum.in.gov\\\/museum-history\\\/\",\"name\":\"Museum History - Carnegie Museum of Montgomery County\",\"isPartOf\":{\"@id\":\"https:\\\/\\\/carnegiemuseum.in.gov\\\/#website\"},\"primaryImageOfPage\":{\"@id\":\"https:\\\/\\\/carnegiemuseum.in.gov\\\/museum-history\\\/#primaryimage\"},\"image\":{\"@id\":\"https:\\\/\\\/carnegiemuseum.in.gov\\\/museum-history\\\/#primaryimage\"},\"thumbnailUrl\":\"https:\\\/\\\/carnegiemuseum.in.gov\\\/wp-content\\\/uploads\\\/2023\\\/10\\\/cmmc_history_1.jpg\",\"datePublished\":\"2023-10-05T17:31:54+00:00\",\"dateModified\":\"2024-12-10T21:20:12+00:00\",\"breadcrumb\":{\"@id\":\"https:\\\/\\\/carnegiemuseum.in.gov\\\/museum-history\\\/#breadcrumb\"},\"inLanguage\":\"es-MX\",\"potentialAction\":[{\"@type\":\"ReadAction\",\"target\":[\"https:\\\/\\\/carnegiemuseum.in.gov\\\/museum-history\\\/\"]}]},{\"@type\":\"ImageObject\",\"inLanguage\":\"es-MX\",\"@id\":\"https:\\\/\\\/carnegiemuseum.in.gov\\\/museum-history\\\/#primaryimage\",\"url\":\"https:\\\/\\\/carnegiemuseum.in.gov\\\/wp-content\\\/uploads\\\/2023\\\/10\\\/cmmc_history_1.jpg\",\"contentUrl\":\"https:\\\/\\\/carnegiemuseum.in.gov\\\/wp-content\\\/uploads\\\/2023\\\/10\\\/cmmc_history_1.jpg\"},{\"@type\":\"BreadcrumbList\",\"@id\":\"https:\\\/\\\/carnegiemuseum.in.gov\\\/museum-history\\\/#breadcrumb\",\"itemListElement\":[{\"@type\":\"ListItem\",\"position\":1,\"name\":\"Home\",\"item\":\"https:\\\/\\\/carnegiemuseum.in.gov\\\/\"},{\"@type\":\"ListItem\",\"position\":2,\"name\":\"Museum History\"}]},{\"@type\":\"WebSite\",\"@id\":\"https:\\\/\\\/carnegiemuseum.in.gov\\\/#website\",\"url\":\"https:\\\/\\\/carnegiemuseum.in.gov\\\/\",\"name\":\"Carnegie Museum of Montgomery County\",\"description\":\"Learn, play, explore at the Carnegie Museum!\",\"publisher\":{\"@id\":\"https:\\\/\\\/carnegiemuseum.in.gov\\\/#organization\"},\"potentialAction\":[{\"@type\":\"SearchAction\",\"target\":{\"@type\":\"EntryPoint\",\"urlTemplate\":\"https:\\\/\\\/carnegiemuseum.in.gov\\\/?s={search_term_string}\"},\"query-input\":{\"@type\":\"PropertyValueSpecification\",\"valueRequired\":true,\"valueName\":\"search_term_string\"}}],\"inLanguage\":\"es-MX\"},{\"@type\":\"Organization\",\"@id\":\"https:\\\/\\\/carnegiemuseum.in.gov\\\/#organization\",\"name\":\"Carnegie Museum of Montgomery County\",\"url\":\"https:\\\/\\\/carnegiemuseum.in.gov\\\/\",\"logo\":{\"@type\":\"ImageObject\",\"inLanguage\":\"es-MX\",\"@id\":\"https:\\\/\\\/carnegiemuseum.in.gov\\\/#\\\/schema\\\/logo\\\/image\\\/\",\"url\":\"https:\\\/\\\/carnegiemuseum.in.gov\\\/wp-content\\\/uploads\\\/2023\\\/10\\\/CMMC_logo_web.png\",\"contentUrl\":\"https:\\\/\\\/carnegiemuseum.in.gov\\\/wp-content\\\/uploads\\\/2023\\\/10\\\/CMMC_logo_web.png\",\"width\":1400,\"height\":287,\"caption\":\"Carnegie Museum of Montgomery County\"},\"image\":{\"@id\":\"https:\\\/\\\/carnegiemuseum.in.gov\\\/#\\\/schema\\\/logo\\\/image\\\/\"}}]}<\/script>\n<!-- \/ Yoast SEO plugin. -->","yoast_head_json":{"title":"Historia del museo - Museo Carnegie del Condado de Montgomery","robots":{"index":"index","follow":"follow","max-snippet":"max-snippet:-1","max-image-preview":"max-image-preview:large","max-video-preview":"max-video-preview:-1"},"canonical":"https:\/\/carnegiemuseum.in.gov\/es\/museum-history\/","og_locale":"es_MX","og_type":"article","og_title":"Museum History - Carnegie Museum of Montgomery County","og_description":"Our History The Carnegie Museum of Montgomery County is located in the 1902 Carnegie Library building in downtown Crawfordsville, Indiana. The museum is an interdisciplinary museum of history, art, and science. The Carnegie Museum strives to be a community-centered institution that serves as a gathering space for community dialogue, creativity, and celebration through relevant exhibits, [&hellip;]","og_url":"https:\/\/carnegiemuseum.in.gov\/es\/museum-history\/","og_site_name":"Carnegie Museum of Montgomery County","article_modified_time":"2024-12-10T21:20:12+00:00","og_image":[{"width":1800,"height":1200,"url":"https:\/\/carnegiemuseum.in.gov\/wp-content\/uploads\/2023\/10\/cmmc_history_1.jpg","type":"image\/jpeg"}],"twitter_card":"summary_large_image","twitter_misc":{"Tiempo de lectura":"2 minutos"},"schema":{"@context":"https:\/\/schema.org","@graph":[{"@type":"WebPage","@id":"https:\/\/carnegiemuseum.in.gov\/museum-history\/","url":"https:\/\/carnegiemuseum.in.gov\/museum-history\/","name":"Historia del museo - Museo Carnegie del Condado de Montgomery","isPartOf":{"@id":"https:\/\/carnegiemuseum.in.gov\/#website"},"primaryImageOfPage":{"@id":"https:\/\/carnegiemuseum.in.gov\/museum-history\/#primaryimage"},"image":{"@id":"https:\/\/carnegiemuseum.in.gov\/museum-history\/#primaryimage"},"thumbnailUrl":"https:\/\/carnegiemuseum.in.gov\/wp-content\/uploads\/2023\/10\/cmmc_history_1.jpg","datePublished":"2023-10-05T17:31:54+00:00","dateModified":"2024-12-10T21:20:12+00:00","breadcrumb":{"@id":"https:\/\/carnegiemuseum.in.gov\/museum-history\/#breadcrumb"},"inLanguage":"es-MX","potentialAction":[{"@type":"ReadAction","target":["https:\/\/carnegiemuseum.in.gov\/museum-history\/"]}]},{"@type":"ImageObject","inLanguage":"es-MX","@id":"https:\/\/carnegiemuseum.in.gov\/museum-history\/#primaryimage","url":"https:\/\/carnegiemuseum.in.gov\/wp-content\/uploads\/2023\/10\/cmmc_history_1.jpg","contentUrl":"https:\/\/carnegiemuseum.in.gov\/wp-content\/uploads\/2023\/10\/cmmc_history_1.jpg"},{"@type":"BreadcrumbList","@id":"https:\/\/carnegiemuseum.in.gov\/museum-history\/#breadcrumb","itemListElement":[{"@type":"ListItem","position":1,"name":"Home","item":"https:\/\/carnegiemuseum.in.gov\/"},{"@type":"ListItem","position":2,"name":"Museum History"}]},{"@type":"WebSite","@id":"https:\/\/carnegiemuseum.in.gov\/#website","url":"https:\/\/carnegiemuseum.in.gov\/","name":"Museo Carnegie del condado de Montgomery","description":"\u00a1Aprende, juega y explora en el Museo Carnegie!","publisher":{"@id":"https:\/\/carnegiemuseum.in.gov\/#organization"},"potentialAction":[{"@type":"SearchAction","target":{"@type":"EntryPoint","urlTemplate":"https:\/\/carnegiemuseum.in.gov\/?s={search_term_string}"},"query-input":{"@type":"PropertyValueSpecification","valueRequired":true,"valueName":"search_term_string"}}],"inLanguage":"es-MX"},{"@type":"Organization","@id":"https:\/\/carnegiemuseum.in.gov\/#organization","name":"Museo Carnegie del condado de Montgomery","url":"https:\/\/carnegiemuseum.in.gov\/","logo":{"@type":"ImageObject","inLanguage":"es-MX","@id":"https:\/\/carnegiemuseum.in.gov\/#\/schema\/logo\/image\/","url":"https:\/\/carnegiemuseum.in.gov\/wp-content\/uploads\/2023\/10\/CMMC_logo_web.png","contentUrl":"https:\/\/carnegiemuseum.in.gov\/wp-content\/uploads\/2023\/10\/CMMC_logo_web.png","width":1400,"height":287,"caption":"Carnegie Museum of Montgomery County"},"image":{"@id":"https:\/\/carnegiemuseum.in.gov\/#\/schema\/logo\/image\/"}}]}},"_links":{"self":[{"href":"https:\/\/carnegiemuseum.in.gov\/es\/wp-json\/wp\/v2\/pages\/167","targetHints":{"allow":["GET"]}}],"collection":[{"href":"https:\/\/carnegiemuseum.in.gov\/es\/wp-json\/wp\/v2\/pages"}],"about":[{"href":"https:\/\/carnegiemuseum.in.gov\/es\/wp-json\/wp\/v2\/types\/page"}],"author":[{"embeddable":true,"href":"https:\/\/carnegiemuseum.in.gov\/es\/wp-json\/wp\/v2\/users\/2"}],"replies":[{"embeddable":true,"href":"https:\/\/carnegiemuseum.in.gov\/es\/wp-json\/wp\/v2\/comments?post=167"}],"version-history":[{"count":0,"href":"https:\/\/carnegiemuseum.in.gov\/es\/wp-json\/wp\/v2\/pages\/167\/revisions"}],"wp:attachment":[{"href":"https:\/\/carnegiemuseum.in.gov\/es\/wp-json\/wp\/v2\/media?parent=167"}],"curies":[{"name":"gracias","href":"https:\/\/api.w.org\/{rel}","templated":true}]}}