{"id":171,"date":"2023-10-05T13:32:08","date_gmt":"2023-10-05T17:32:08","guid":{"rendered":"https:\/\/carnegiemuseum.wpenginepowered.com\/?page_id=171"},"modified":"2025-05-12T12:29:29","modified_gmt":"2025-05-12T16:29:29","slug":"collections","status":"publish","type":"page","link":"https:\/\/carnegiemuseum.in.gov\/es\/collections\/","title":{"rendered":"Colecciones"},"content":{"rendered":"<div data-elementor-type=\"wp-page\" data-elementor-id=\"171\" class=\"elementor elementor-171\" data-elementor-post-type=\"page\">\n\t\t\t\t\t\t<section class=\"elementor-section elementor-top-section elementor-element elementor-element-7f7cf2d8 elementor-section-boxed elementor-section-height-default elementor-section-height-default\" data-id=\"7f7cf2d8\" data-element_type=\"section\" data-e-type=\"section\" data-settings=\"{&quot;background_background&quot;:&quot;classic&quot;}\">\n\t\t\t\t\t\t\t<div class=\"elementor-background-overlay\"><\/div>\n\t\t\t\t\t\t\t<div class=\"elementor-container elementor-column-gap-wider\">\n\t\t\t\t\t<div class=\"elementor-column elementor-col-100 elementor-top-column elementor-element elementor-element-39ebd158\" data-id=\"39ebd158\" data-element_type=\"column\" data-e-type=\"column\">\n\t\t\t<div class=\"elementor-widget-wrap elementor-element-populated\">\n\t\t\t\t\t\t<div class=\"elementor-element elementor-element-da5b70e elementor-widget elementor-widget-heading\" data-id=\"da5b70e\" data-element_type=\"widget\" data-e-type=\"widget\" data-widget_type=\"heading.default\">\n\t\t\t\t<div class=\"elementor-widget-container\">\n\t\t\t\t\t<h1 class=\"elementor-heading-title elementor-size-default\">La colecci\u00f3n<\/h1>\t\t\t\t<\/div>\n\t\t\t\t<\/div>\n\t\t\t\t\t<\/div>\n\t\t<\/div>\n\t\t\t\t\t<\/div>\n\t\t<\/section>\n\t\t\t\t<section class=\"elementor-section elementor-top-section elementor-element elementor-element-6d80a26e elementor-section-content-middle elementor-section-boxed elementor-section-height-default elementor-section-height-default\" data-id=\"6d80a26e\" data-element_type=\"section\" data-e-type=\"section\">\n\t\t\t\t\t\t<div class=\"elementor-container elementor-column-gap-wider\">\n\t\t\t\t\t<div class=\"elementor-column elementor-col-50 elementor-top-column elementor-element elementor-element-68fc48b\" data-id=\"68fc48b\" data-element_type=\"column\" data-e-type=\"column\" data-settings=\"{&quot;background_background&quot;:&quot;classic&quot;}\">\n\t\t\t<div class=\"elementor-widget-wrap elementor-element-populated\">\n\t\t\t\t\t\t<div class=\"elementor-element elementor-element-ee5036f elementor-widget elementor-widget-image\" data-id=\"ee5036f\" data-element_type=\"widget\" data-e-type=\"widget\" data-widget_type=\"image.default\">\n\t\t\t\t<div class=\"elementor-widget-container\">\n\t\t\t\t\t\t\t\t\t\t\t\t\t\t\t<img fetchpriority=\"high\" decoding=\"async\" width=\"800\" height=\"533\" src=\"https:\/\/carnegiemuseum.in.gov\/wp-content\/uploads\/2024\/02\/CMMC_Collections_web-1024x682.jpg\" class=\"attachment-large size-large wp-image-1344\" alt=\"collection of historical artifacts\" srcset=\"https:\/\/carnegiemuseum.in.gov\/wp-content\/uploads\/2024\/02\/CMMC_Collections_web-1024x682.jpg 1024w, https:\/\/carnegiemuseum.in.gov\/wp-content\/uploads\/2024\/02\/CMMC_Collections_web-300x200.jpg 300w, https:\/\/carnegiemuseum.in.gov\/wp-content\/uploads\/2024\/02\/CMMC_Collections_web-768x512.jpg 768w, https:\/\/carnegiemuseum.in.gov\/wp-content\/uploads\/2024\/02\/CMMC_Collections_web-18x12.jpg 18w, https:\/\/carnegiemuseum.in.gov\/wp-content\/uploads\/2024\/02\/CMMC_Collections_web.jpg 1280w\" sizes=\"(max-width: 800px) 100vw, 800px\" \/>\t\t\t\t\t\t\t\t\t\t\t\t\t\t\t<\/div>\n\t\t\t\t<\/div>\n\t\t\t\t\t<\/div>\n\t\t<\/div>\n\t\t\t\t<div class=\"elementor-column elementor-col-50 elementor-top-column elementor-element elementor-element-620f7e68\" data-id=\"620f7e68\" data-element_type=\"column\" data-e-type=\"column\">\n\t\t\t<div class=\"elementor-widget-wrap elementor-element-populated\">\n\t\t\t\t\t\t<div class=\"elementor-element elementor-element-4e4095eb elementor-widget elementor-widget-text-editor\" data-id=\"4e4095eb\" data-element_type=\"widget\" data-e-type=\"widget\" data-widget_type=\"text-editor.default\">\n\t\t\t\t<div class=\"elementor-widget-container\">\n\t\t\t\t\t\t\t\t\t\nNuestra colecci\u00f3n cuenta con m\u00e1s de 7000 artefactos relacionados con el condado de Montgomery. Los puntos fuertes de la colecci\u00f3n incluyen las escuelas del condado de Montgomery, la tribu de Ben-Hur y las empresas locales. La colecci\u00f3n est\u00e1 abierta para su visualizaci\u00f3n e investigaci\u00f3n con cita previa.\t\t\t\t\t\t\t\t<\/div>\n\t\t\t\t<\/div>\n\t\t\t\t<div class=\"elementor-element elementor-element-5c03d69 elementor-widget elementor-widget-text-editor\" data-id=\"5c03d69\" data-element_type=\"widget\" data-e-type=\"widget\" data-widget_type=\"text-editor.default\">\n\t\t\t\t<div class=\"elementor-widget-container\">\n\t\t\t\t\t\t\t\t\t\n\nComo departamento de la biblioteca p\u00fablica del distrito de Crawfordsville, el museo trabaja en estrecha colaboraci\u00f3n con el departamento de Historia local para preservar y presentar la historia del condado.\n\t\t\t\t\t\t\t\t<\/div>\n\t\t\t\t<\/div>\n\t\t\t\t\t<\/div>\n\t\t<\/div>\n\t\t\t\t\t<\/div>\n\t\t<\/section>\n\t\t\t\t<section class=\"elementor-section elementor-top-section elementor-element elementor-element-490b016 elementor-section-content-middle elementor-section-boxed elementor-section-height-default elementor-section-height-default\" data-id=\"490b016\" data-element_type=\"section\" data-e-type=\"section\">\n\t\t\t\t\t\t<div class=\"elementor-container elementor-column-gap-wider\">\n\t\t\t\t\t<div class=\"elementor-column elementor-col-50 elementor-top-column elementor-element elementor-element-cef07b0\" data-id=\"cef07b0\" data-element_type=\"column\" data-e-type=\"column\">\n\t\t\t<div class=\"elementor-widget-wrap elementor-element-populated\">\n\t\t\t\t\t\t<div class=\"elementor-element elementor-element-f44ce4e elementor-widget elementor-widget-text-editor\" data-id=\"f44ce4e\" data-element_type=\"widget\" data-e-type=\"widget\" data-widget_type=\"text-editor.default\">\n\t\t\t\t<div class=\"elementor-widget-container\">\n\t\t\t\t\t\t\t\t\t\n\u00bfBusca informaci\u00f3n sobre historia local y genealog\u00eda? Encuentre estos recursos en la biblioteca p\u00fablica del distrito de Crawfordsville. Se puede acceder a registros comerciales y gubernamentales, as\u00ed como a informaci\u00f3n geneal\u00f3gica, peri\u00f3dicos y fotograf\u00edas a trav\u00e9s del departamento de Historia Local. El departamento tambi\u00e9n incluye extensos recursos en l\u00ednea adem\u00e1s de sus archivos f\u00edsicos.\t\t\t\t\t\t\t\t<\/div>\n\t\t\t\t<\/div>\n\t\t\t\t\t<\/div>\n\t\t<\/div>\n\t\t\t\t<div class=\"elementor-column elementor-col-50 elementor-top-column elementor-element elementor-element-566618a\" data-id=\"566618a\" data-element_type=\"column\" data-e-type=\"column\" data-settings=\"{&quot;background_background&quot;:&quot;classic&quot;}\">\n\t\t\t<div class=\"elementor-widget-wrap elementor-element-populated\">\n\t\t\t\t\t\t<div class=\"elementor-element elementor-element-bab6a63 elementor-widget elementor-widget-heading\" data-id=\"bab6a63\" data-element_type=\"widget\" data-e-type=\"widget\" data-widget_type=\"heading.default\">\n\t\t\t\t<div class=\"elementor-widget-container\">\n\t\t\t\t\t<h3 class=\"elementor-heading-title elementor-size-default\">Biblioteca p\u00fablica del distrito de Crawfordsville<\/h3>\t\t\t\t<\/div>\n\t\t\t\t<\/div>\n\t\t\t\t<div class=\"elementor-element elementor-element-4f8cbf4 elementor-widget elementor-widget-heading\" data-id=\"4f8cbf4\" data-element_type=\"widget\" data-e-type=\"widget\" data-widget_type=\"heading.default\">\n\t\t\t\t<div class=\"elementor-widget-container\">\n\t\t\t\t\t<h4 class=\"elementor-heading-title elementor-size-default\">205 S. Calle Washington<br>\nCrawfordsville, Indiana, 47933<\/h4>\t\t\t\t<\/div>\n\t\t\t\t<\/div>\n\t\t\t\t<div class=\"elementor-element elementor-element-a7d676a elementor-align-center elementor-widget elementor-widget-button\" data-id=\"a7d676a\" data-element_type=\"widget\" data-e-type=\"widget\" data-widget_type=\"button.default\">\n\t\t\t\t<div class=\"elementor-widget-container\">\n\t\t\t\t\t\t\t\t\t<div class=\"elementor-button-wrapper\">\n\t\t\t\t\t<a class=\"elementor-button elementor-button-link elementor-size-md\" href=\"https:\/\/crawfordsvillelibrary.in.gov\/resources\/local-history-resources\/\" target=\"_blank\">\n\t\t\t\t\t\t<span class=\"elementor-button-content-wrapper\">\n\t\t\t\t\t\t\t\t\t<span class=\"elementor-button-text\">APRENDE M\u00c1S<\/span>\n\t\t\t\t\t<\/span>\n\t\t\t\t\t<\/a>\n\t\t\t\t<\/div>\n\t\t\t\t\t\t\t\t<\/div>\n\t\t\t\t<\/div>\n\t\t\t\t\t<\/div>\n\t\t<\/div>\n\t\t\t\t\t<\/div>\n\t\t<\/section>\n\t\t\t\t<section class=\"elementor-section elementor-top-section elementor-element elementor-element-4a3f977c white-text elementor-section-boxed elementor-section-height-default elementor-section-height-default\" data-id=\"4a3f977c\" data-element_type=\"section\" data-e-type=\"section\" data-settings=\"{&quot;background_background&quot;:&quot;classic&quot;}\">\n\t\t\t\t\t\t<div class=\"elementor-container elementor-column-gap-wider\">\n\t\t\t\t\t<div class=\"elementor-column elementor-col-100 elementor-top-column elementor-element elementor-element-d8a6480\" data-id=\"d8a6480\" data-element_type=\"column\" data-e-type=\"column\">\n\t\t\t<div class=\"elementor-widget-wrap elementor-element-populated\">\n\t\t\t\t\t\t<div class=\"elementor-element elementor-element-608e924d elementor-widget elementor-widget-heading\" data-id=\"608e924d\" data-element_type=\"widget\" data-e-type=\"widget\" data-widget_type=\"heading.default\">\n\t\t\t\t<div class=\"elementor-widget-container\">\n\t\t\t\t\t<h2 class=\"elementor-heading-title elementor-size-default\">\u00bfTienes un objeto para donar?\n<\/h2>\t\t\t\t<\/div>\n\t\t\t\t<\/div>\n\t\t\t\t<div class=\"elementor-element elementor-element-cb19018 elementor-widget elementor-widget-text-editor\" data-id=\"cb19018\" data-element_type=\"widget\" data-e-type=\"widget\" data-widget_type=\"text-editor.default\">\n\t\t\t\t<div class=\"elementor-widget-container\">\n\t\t\t\t\t\t\t\t\tEl Museo Carnegie considera peri\u00f3dicamente nuevas donaciones de artefactos que nos ayudan a contar historias de personas, lugares y eventos locales. Nuestra colecci\u00f3n contiene una amplia variedad de art\u00edculos relacionados con el condado de Montgomery, Indiana.\t\t\t\t\t\t\t\t<\/div>\n\t\t\t\t<\/div>\n\t\t\t\t<section class=\"elementor-section elementor-inner-section elementor-element elementor-element-69b73f2 elementor-reverse-tablet elementor-reverse-mobile fuschia-bullets elementor-section-boxed elementor-section-height-default elementor-section-height-default\" data-id=\"69b73f2\" data-element_type=\"section\" data-e-type=\"section\">\n\t\t\t\t\t\t<div class=\"elementor-container elementor-column-gap-wider\">\n\t\t\t\t\t<div class=\"elementor-column elementor-col-50 elementor-inner-column elementor-element elementor-element-36e5a7a\" data-id=\"36e5a7a\" data-element_type=\"column\" data-e-type=\"column\">\n\t\t\t<div class=\"elementor-widget-wrap elementor-element-populated\">\n\t\t\t\t\t\t<div class=\"elementor-element elementor-element-da43cc5 yellow-bullets elementor-widget elementor-widget-text-editor\" data-id=\"da43cc5\" data-element_type=\"widget\" data-e-type=\"widget\" data-widget_type=\"text-editor.default\">\n\t\t\t\t<div class=\"elementor-widget-container\">\n\t\t\t\t\t\t\t\t\t<ul><li>Si est\u00e1s interesado en donar un artefacto, <a href=\"tel:765-362-2242\" target=\"_blank\" rel=\"noopener\">Llamar<\/a> o <a href=\"mailto:carnegie@cdpl.lib.in.us\" target=\"_blank\" rel=\"noopener\">Correo electr\u00f3nico<\/a> para hacer una cita.<\/li><li>Un miembro del personal evaluar\u00e1 si su objeto encaja bien en nuestra colecci\u00f3n. <strong>Sepa que no podemos aceptar todos los art\u00edculos que se nos ofrecen.<\/strong><\/li><li>En algunos casos, la colecci\u00f3n de Historia Local de CDPL puede ser m\u00e1s adecuada. En estos casos, le ayudaremos a enviar su donaci\u00f3n a la biblioteca p\u00fablica del distrito de Crawfordsville.<\/li><li>El proceso de completar una Escritura de donaci\u00f3n toma solo unos minutos. Nos encanta documentar cualquier historia o imagen relacionada con su donaci\u00f3n.<\/li><\/ul>\t\t\t\t\t\t\t\t<\/div>\n\t\t\t\t<\/div>\n\t\t\t\t\t<\/div>\n\t\t<\/div>\n\t\t\t\t<div class=\"elementor-column elementor-col-50 elementor-inner-column elementor-element elementor-element-84417ed\" data-id=\"84417ed\" data-element_type=\"column\" data-e-type=\"column\">\n\t\t\t<div class=\"elementor-widget-wrap elementor-element-populated\">\n\t\t\t\t\t\t<div class=\"elementor-element elementor-element-c160fd2 elementor-widget elementor-widget-image\" data-id=\"c160fd2\" data-element_type=\"widget\" data-e-type=\"widget\" data-widget_type=\"image.default\">\n\t\t\t\t<div class=\"elementor-widget-container\">\n\t\t\t\t\t\t\t\t\t\t\t\t\t\t\t<img decoding=\"async\" src=\"https:\/\/carnegiemuseum.in.gov\/wp-content\/uploads\/elementor\/thumbs\/cmmc_land_trunk-qqx1dljq90bcsgjxitowoa7vsa0n96m8ye5i5zhnb4.jpg\" title=\"cmmc_land_trunk\" alt=\"cmmc_land_trunk\" loading=\"lazy\" \/>\t\t\t\t\t\t\t\t\t\t\t\t\t\t\t<\/div>\n\t\t\t\t<\/div>\n\t\t\t\t\t<\/div>\n\t\t<\/div>\n\t\t\t\t\t<\/div>\n\t\t<\/section>\n\t\t\t\t\t<\/div>\n\t\t<\/div>\n\t\t\t\t\t<\/div>\n\t\t<\/section>\n\t\t\t\t<\/div>","protected":false},"excerpt":{"rendered":"<p>The Collection Our collection boasts 7,000+ artifacts related to Montgomery County. Strengths of the collection include Montgomery County schools, the Tribe of Ben-Hur, and local businesses. The collection is open for viewing and research by appointment. As a department of the Crawfordsville District Public Library, the Museum works closely with the Local History department to [&hellip;]<\/p>\n","protected":false},"author":2,"featured_media":0,"parent":0,"menu_order":0,"comment_status":"closed","ping_status":"closed","template":"","meta":{"_acf_changed":false,"footnotes":""},"class_list":["post-171","page","type-page","status-publish","hentry"],"acf":[],"yoast_head":"<!-- This site is optimized with the Yoast SEO plugin v27.4 - https:\/\/yoast.com\/product\/yoast-seo-wordpress\/ -->\n<title>Collections - Carnegie Museum of Montgomery County<\/title>\n<meta name=\"robots\" content=\"index, follow, max-snippet:-1, max-image-preview:large, max-video-preview:-1\" \/>\n<link rel=\"canonical\" href=\"https:\/\/carnegiemuseum.in.gov\/es\/collections\/\" \/>\n<meta property=\"og:locale\" content=\"es_MX\" \/>\n<meta property=\"og:type\" content=\"article\" \/>\n<meta property=\"og:title\" content=\"Collections - Carnegie Museum of Montgomery County\" \/>\n<meta property=\"og:description\" content=\"The Collection Our collection boasts 7,000+ artifacts related to Montgomery County. Strengths of the collection include Montgomery County schools, the Tribe of Ben-Hur, and local businesses. The collection is open for viewing and research by appointment. As a department of the Crawfordsville District Public Library, the Museum works closely with the Local History department to [&hellip;]\" \/>\n<meta property=\"og:url\" content=\"https:\/\/carnegiemuseum.in.gov\/es\/collections\/\" \/>\n<meta property=\"og:site_name\" content=\"Carnegie Museum of Montgomery County\" \/>\n<meta property=\"article:modified_time\" content=\"2025-05-12T16:29:29+00:00\" \/>\n<meta property=\"og:image\" content=\"https:\/\/carnegiemuseum.in.gov\/wp-content\/uploads\/2024\/02\/CMMC_Collections_web.jpg\" \/>\n\t<meta property=\"og:image:width\" content=\"1280\" \/>\n\t<meta property=\"og:image:height\" content=\"853\" \/>\n\t<meta property=\"og:image:type\" content=\"image\/jpeg\" \/>\n<meta name=\"twitter:card\" content=\"summary_large_image\" \/>\n<meta name=\"twitter:label1\" content=\"Tiempo de lectura\" \/>\n\t<meta name=\"twitter:data1\" content=\"2 minutos\" \/>\n<script type=\"application\/ld+json\" class=\"yoast-schema-graph\">{\"@context\":\"https:\\\/\\\/schema.org\",\"@graph\":[{\"@type\":\"WebPage\",\"@id\":\"https:\\\/\\\/carnegiemuseum.in.gov\\\/collections\\\/\",\"url\":\"https:\\\/\\\/carnegiemuseum.in.gov\\\/collections\\\/\",\"name\":\"Collections - Carnegie Museum of Montgomery County\",\"isPartOf\":{\"@id\":\"https:\\\/\\\/carnegiemuseum.in.gov\\\/#website\"},\"primaryImageOfPage\":{\"@id\":\"https:\\\/\\\/carnegiemuseum.in.gov\\\/collections\\\/#primaryimage\"},\"image\":{\"@id\":\"https:\\\/\\\/carnegiemuseum.in.gov\\\/collections\\\/#primaryimage\"},\"thumbnailUrl\":\"https:\\\/\\\/carnegiemuseum.in.gov\\\/wp-content\\\/uploads\\\/2024\\\/02\\\/CMMC_Collections_web-1024x682.jpg\",\"datePublished\":\"2023-10-05T17:32:08+00:00\",\"dateModified\":\"2025-05-12T16:29:29+00:00\",\"breadcrumb\":{\"@id\":\"https:\\\/\\\/carnegiemuseum.in.gov\\\/collections\\\/#breadcrumb\"},\"inLanguage\":\"es-MX\",\"potentialAction\":[{\"@type\":\"ReadAction\",\"target\":[\"https:\\\/\\\/carnegiemuseum.in.gov\\\/collections\\\/\"]}]},{\"@type\":\"ImageObject\",\"inLanguage\":\"es-MX\",\"@id\":\"https:\\\/\\\/carnegiemuseum.in.gov\\\/collections\\\/#primaryimage\",\"url\":\"https:\\\/\\\/carnegiemuseum.in.gov\\\/wp-content\\\/uploads\\\/2024\\\/02\\\/CMMC_Collections_web-1024x682.jpg\",\"contentUrl\":\"https:\\\/\\\/carnegiemuseum.in.gov\\\/wp-content\\\/uploads\\\/2024\\\/02\\\/CMMC_Collections_web-1024x682.jpg\"},{\"@type\":\"BreadcrumbList\",\"@id\":\"https:\\\/\\\/carnegiemuseum.in.gov\\\/collections\\\/#breadcrumb\",\"itemListElement\":[{\"@type\":\"ListItem\",\"position\":1,\"name\":\"Home\",\"item\":\"https:\\\/\\\/carnegiemuseum.in.gov\\\/\"},{\"@type\":\"ListItem\",\"position\":2,\"name\":\"Collections\"}]},{\"@type\":\"WebSite\",\"@id\":\"https:\\\/\\\/carnegiemuseum.in.gov\\\/#website\",\"url\":\"https:\\\/\\\/carnegiemuseum.in.gov\\\/\",\"name\":\"Carnegie Museum of Montgomery County\",\"description\":\"Learn, play, explore at the Carnegie Museum!\",\"publisher\":{\"@id\":\"https:\\\/\\\/carnegiemuseum.in.gov\\\/#organization\"},\"potentialAction\":[{\"@type\":\"SearchAction\",\"target\":{\"@type\":\"EntryPoint\",\"urlTemplate\":\"https:\\\/\\\/carnegiemuseum.in.gov\\\/?s={search_term_string}\"},\"query-input\":{\"@type\":\"PropertyValueSpecification\",\"valueRequired\":true,\"valueName\":\"search_term_string\"}}],\"inLanguage\":\"es-MX\"},{\"@type\":\"Organization\",\"@id\":\"https:\\\/\\\/carnegiemuseum.in.gov\\\/#organization\",\"name\":\"Carnegie Museum of Montgomery County\",\"url\":\"https:\\\/\\\/carnegiemuseum.in.gov\\\/\",\"logo\":{\"@type\":\"ImageObject\",\"inLanguage\":\"es-MX\",\"@id\":\"https:\\\/\\\/carnegiemuseum.in.gov\\\/#\\\/schema\\\/logo\\\/image\\\/\",\"url\":\"https:\\\/\\\/carnegiemuseum.in.gov\\\/wp-content\\\/uploads\\\/2023\\\/10\\\/CMMC_logo_web.png\",\"contentUrl\":\"https:\\\/\\\/carnegiemuseum.in.gov\\\/wp-content\\\/uploads\\\/2023\\\/10\\\/CMMC_logo_web.png\",\"width\":1400,\"height\":287,\"caption\":\"Carnegie Museum of Montgomery County\"},\"image\":{\"@id\":\"https:\\\/\\\/carnegiemuseum.in.gov\\\/#\\\/schema\\\/logo\\\/image\\\/\"}}]}<\/script>\n<!-- \/ Yoast SEO plugin. -->","yoast_head_json":{"title":"Colecciones - Museo Carnegie del Condado de Montgomery","robots":{"index":"index","follow":"follow","max-snippet":"max-snippet:-1","max-image-preview":"max-image-preview:large","max-video-preview":"max-video-preview:-1"},"canonical":"https:\/\/carnegiemuseum.in.gov\/es\/collections\/","og_locale":"es_MX","og_type":"article","og_title":"Collections - Carnegie Museum of Montgomery County","og_description":"The Collection Our collection boasts 7,000+ artifacts related to Montgomery County. Strengths of the collection include Montgomery County schools, the Tribe of Ben-Hur, and local businesses. The collection is open for viewing and research by appointment. As a department of the Crawfordsville District Public Library, the Museum works closely with the Local History department to [&hellip;]","og_url":"https:\/\/carnegiemuseum.in.gov\/es\/collections\/","og_site_name":"Carnegie Museum of Montgomery County","article_modified_time":"2025-05-12T16:29:29+00:00","og_image":[{"width":1280,"height":853,"url":"https:\/\/carnegiemuseum.in.gov\/wp-content\/uploads\/2024\/02\/CMMC_Collections_web.jpg","type":"image\/jpeg"}],"twitter_card":"summary_large_image","twitter_misc":{"Tiempo de lectura":"2 minutos"},"schema":{"@context":"https:\/\/schema.org","@graph":[{"@type":"WebPage","@id":"https:\/\/carnegiemuseum.in.gov\/collections\/","url":"https:\/\/carnegiemuseum.in.gov\/collections\/","name":"Colecciones - Museo Carnegie del Condado de Montgomery","isPartOf":{"@id":"https:\/\/carnegiemuseum.in.gov\/#website"},"primaryImageOfPage":{"@id":"https:\/\/carnegiemuseum.in.gov\/collections\/#primaryimage"},"image":{"@id":"https:\/\/carnegiemuseum.in.gov\/collections\/#primaryimage"},"thumbnailUrl":"https:\/\/carnegiemuseum.in.gov\/wp-content\/uploads\/2024\/02\/CMMC_Collections_web-1024x682.jpg","datePublished":"2023-10-05T17:32:08+00:00","dateModified":"2025-05-12T16:29:29+00:00","breadcrumb":{"@id":"https:\/\/carnegiemuseum.in.gov\/collections\/#breadcrumb"},"inLanguage":"es-MX","potentialAction":[{"@type":"ReadAction","target":["https:\/\/carnegiemuseum.in.gov\/collections\/"]}]},{"@type":"ImageObject","inLanguage":"es-MX","@id":"https:\/\/carnegiemuseum.in.gov\/collections\/#primaryimage","url":"https:\/\/carnegiemuseum.in.gov\/wp-content\/uploads\/2024\/02\/CMMC_Collections_web-1024x682.jpg","contentUrl":"https:\/\/carnegiemuseum.in.gov\/wp-content\/uploads\/2024\/02\/CMMC_Collections_web-1024x682.jpg"},{"@type":"BreadcrumbList","@id":"https:\/\/carnegiemuseum.in.gov\/collections\/#breadcrumb","itemListElement":[{"@type":"ListItem","position":1,"name":"Home","item":"https:\/\/carnegiemuseum.in.gov\/"},{"@type":"ListItem","position":2,"name":"Collections"}]},{"@type":"WebSite","@id":"https:\/\/carnegiemuseum.in.gov\/#website","url":"https:\/\/carnegiemuseum.in.gov\/","name":"Museo Carnegie del condado de Montgomery","description":"\u00a1Aprende, juega y explora en el Museo Carnegie!","publisher":{"@id":"https:\/\/carnegiemuseum.in.gov\/#organization"},"potentialAction":[{"@type":"SearchAction","target":{"@type":"EntryPoint","urlTemplate":"https:\/\/carnegiemuseum.in.gov\/?s={search_term_string}"},"query-input":{"@type":"PropertyValueSpecification","valueRequired":true,"valueName":"search_term_string"}}],"inLanguage":"es-MX"},{"@type":"Organization","@id":"https:\/\/carnegiemuseum.in.gov\/#organization","name":"Museo Carnegie del condado de Montgomery","url":"https:\/\/carnegiemuseum.in.gov\/","logo":{"@type":"ImageObject","inLanguage":"es-MX","@id":"https:\/\/carnegiemuseum.in.gov\/#\/schema\/logo\/image\/","url":"https:\/\/carnegiemuseum.in.gov\/wp-content\/uploads\/2023\/10\/CMMC_logo_web.png","contentUrl":"https:\/\/carnegiemuseum.in.gov\/wp-content\/uploads\/2023\/10\/CMMC_logo_web.png","width":1400,"height":287,"caption":"Carnegie Museum of Montgomery County"},"image":{"@id":"https:\/\/carnegiemuseum.in.gov\/#\/schema\/logo\/image\/"}}]}},"_links":{"self":[{"href":"https:\/\/carnegiemuseum.in.gov\/es\/wp-json\/wp\/v2\/pages\/171","targetHints":{"allow":["GET"]}}],"collection":[{"href":"https:\/\/carnegiemuseum.in.gov\/es\/wp-json\/wp\/v2\/pages"}],"about":[{"href":"https:\/\/carnegiemuseum.in.gov\/es\/wp-json\/wp\/v2\/types\/page"}],"author":[{"embeddable":true,"href":"https:\/\/carnegiemuseum.in.gov\/es\/wp-json\/wp\/v2\/users\/2"}],"replies":[{"embeddable":true,"href":"https:\/\/carnegiemuseum.in.gov\/es\/wp-json\/wp\/v2\/comments?post=171"}],"version-history":[{"count":0,"href":"https:\/\/carnegiemuseum.in.gov\/es\/wp-json\/wp\/v2\/pages\/171\/revisions"}],"wp:attachment":[{"href":"https:\/\/carnegiemuseum.in.gov\/es\/wp-json\/wp\/v2\/media?parent=171"}],"curies":[{"name":"gracias","href":"https:\/\/api.w.org\/{rel}","templated":true}]}}